{"id":13,"date":"2018-09-06T15:40:24","date_gmt":"2018-09-06T15:40:24","guid":{"rendered":"http:\/\/wolff-stb.de\/?page_id=13"},"modified":"2018-09-07T07:27:12","modified_gmt":"2018-09-07T07:27:12","slug":"finanzbuchhaltung","status":"publish","type":"page","link":"https:\/\/wolff-stb.de\/?page_id=13","title":{"rendered":"Dienstleistungsangebot"},"content":{"rendered":"<p>&nbsp;<\/p>\n<ul>\n<li style=\"list-style-type: none;\">\n<ul>\n<li><b><span style=\"font-family: Arial; font-size: large;\">Steuerberatung<\/span><\/b><\/li>\n<\/ul>\n<\/li>\n<\/ul>\n<ul>\n<li style=\"list-style-type: none;\">\n<ul>\n<li><b><span style=\"font-family: Arial; font-size: large;\">Steuererkl\u00e4rungen<\/span><\/b><\/li>\n<\/ul>\n<\/li>\n<\/ul>\n<ul>\n<li style=\"list-style-type: none;\">\n<ul>\n<li><b><span style=\"font-family: Arial; font-size: large;\">Finanzbuchhaltung<\/span><\/b><\/li>\n<\/ul>\n<\/li>\n<\/ul>\n<ul>\n<li style=\"list-style-type: none;\">\n<ul>\n<li><b><span style=\"font-family: Arial; font-size: large;\">Lohnbuchhaltung<br \/>\n<\/span><\/b><\/li>\n<li><span style=\"font-family: Arial; font-size: large;\"><strong>Anlagenbuchhaltung<\/strong><\/span><\/li>\n<\/ul>\n<\/li>\n<\/ul>\n<ul>\n<li style=\"list-style-type: none;\">\n<ul>\n<li><b><span style=\"font-family: Arial; font-size: large;\">Jahresabschlussarbeiten<br \/>\n<\/span><\/b><\/li>\n<li><b><span style=\"font-family: Arial; font-size: large;\">Rechtsbehelfe<\/span><\/b><\/li>\n<\/ul>\n<\/li>\n<\/ul>\n<p>Ben\u00f6tigen Sie sonstige Unterst\u00fctzung, dann fragen Sie uns.<br \/>\nSofern es sich um T\u00e4tigkeiten handelt, die mit dem Steuerberatungsgesetz<br \/>\nvereinbar sind, helfen wir Ihnen gerne weiter.<\/p>\n<p><span style=\"font-family: Arial;\">Haben Sie Fragen? Schicken Sie uns eine E-Mail!<\/span><\/p>\n","protected":false},"excerpt":{"rendered":"<p>&nbsp; Steuerberatung Steuererkl\u00e4rungen Finanzbuchhaltung Lohnbuchhaltung Anlagenbuchhaltung Jahresabschlussarbeiten Rechtsbehelfe Ben\u00f6tigen Sie sonstige Unterst\u00fctzung, dann fragen Sie uns. Sofern es sich um T\u00e4tigkeiten handelt, die mit dem Steuerberatungsgesetz vereinbar sind, helfen wir Ihnen gerne weiter. Haben Sie Fragen? Schicken Sie uns eine E-Mail!<\/p>\n","protected":false},"author":1,"featured_media":0,"parent":0,"menu_order":0,"comment_status":"closed","ping_status":"closed","template":"","meta":{"footnotes":""},"class_list":["post-13","page","type-page","status-publish","hentry"],"_links":{"self":[{"href":"https:\/\/wolff-stb.de\/index.php?rest_route=\/wp\/v2\/pages\/13","targetHints":{"allow":["GET"]}}],"collection":[{"href":"https:\/\/wolff-stb.de\/index.php?rest_route=\/wp\/v2\/pages"}],"about":[{"href":"https:\/\/wolff-stb.de\/index.php?rest_route=\/wp\/v2\/types\/page"}],"author":[{"embeddable":true,"href":"https:\/\/wolff-stb.de\/index.php?rest_route=\/wp\/v2\/users\/1"}],"replies":[{"embeddable":true,"href":"https:\/\/wolff-stb.de\/index.php?rest_route=%2Fwp%2Fv2%2Fcomments&post=13"}],"version-history":[{"count":2,"href":"https:\/\/wolff-stb.de\/index.php?rest_route=\/wp\/v2\/pages\/13\/revisions"}],"predecessor-version":[{"id":79,"href":"https:\/\/wolff-stb.de\/index.php?rest_route=\/wp\/v2\/pages\/13\/revisions\/79"}],"wp:attachment":[{"href":"https:\/\/wolff-stb.de\/index.php?rest_route=%2Fwp%2Fv2%2Fmedia&parent=13"}],"curies":[{"name":"wp","href":"https:\/\/api.w.org\/{rel}","templated":true}]}}