{"id":20,"date":"2018-09-06T15:43:50","date_gmt":"2018-09-06T15:43:50","guid":{"rendered":"http:\/\/wolff-stb.de\/?page_id=20"},"modified":"2026-01-16T07:48:33","modified_gmt":"2026-01-16T07:48:33","slug":"impressum","status":"publish","type":"page","link":"https:\/\/wolff-stb.de\/?page_id=20","title":{"rendered":"Impressum"},"content":{"rendered":"<div class=\"csc-header csc-header-n1\">\n<h3>ALLGEMEINE INFORMATIONSPFLICHTEN NACH \u00a7 5 TELEMEDIENGESETZ<\/h3>\n<\/div>\n<p style=\"text-align: left;\">Name und Anschrift:\u00a0 \u00a0 \u00a0 \u00a0 \u00a0 \u00a0 \u00a0 \u00a0 \u00a0 \u00a0 \u00a0 \u00a0 Rainer Wolff, Gartenstra\u00dfe 53, 61130 Nidderau <a href=\"http:\/\/wolff-stb.de\/wp-login.php\">\u00a9<\/a><\/p>\n<p style=\"text-align: left;\">Rechtsform:\u00a0 \u00a0 \u00a0 \u00a0 \u00a0 \u00a0 \u00a0 \u00a0 \u00a0 \u00a0 \u00a0 \u00a0 \u00a0 \u00a0 \u00a0 \u00a0 \u00a0 \u00a0 \u00a0 \u00a0Einzelunternehmen<\/p>\n<p style=\"text-align: left;\">Telefon:\u00a0 \u00a0 \u00a0 \u00a0 \u00a0 \u00a0 \u00a0 \u00a0 \u00a0 \u00a0 \u00a0 \u00a0 \u00a0 \u00a0 \u00a0 \u00a0 \u00a0 \u00a0 \u00a0 \u00a0 \u00a0 \u00a0 \u00a0 \u00a006187 \/ 20 100 10<\/p>\n<p style=\"text-align: left;\">elektronisch Kontaktaufnahme:\u00a0\u00a0\u00a0\u00a0\u00a0Rainer\u00ad\u200c\u00a0 \u00a0@\u00a0\u00a0wolff\u00a0&#8211;\u00a0stb\u00a0.\u00a0de<\/p>\n<p style=\"text-align: left;\">\u00a0 \u00a0 \u00a0 \u00a0 \u00a0 \u00a0 \u00a0 \u00a0 \u00a0 \u00a0 \u00a0 \u00a0 \u00a0 \u00a0 \u00a0 \u00a0 \u00a0 \u00a0 \u00a0 \u00a0 \u00a0 \u00a0 \u00a0 \u00a0 \u00a0 \u00a0 \u00a0 \u00a0 \u00a0 \u00a0 \u00a0(absichtlich mit Leerstellen wegen h\u00e4ufiger SPAM-Mails)<\/p>\n<p style=\"text-align: left;\">Kammerzugeh\u00f6rigkeit\u00a0 :\u00a0 \u00a0 \u00a0 \u00a0 \u00a0 \u00a0 \u00a0 \u00a0 \u00a0\u00a0<strong><a href=\"http:\/\/www.stbk-hessen.de\/\">Steuerberaterkammer Hessen<\/a>,\u00a0\u00a0\u00a0\u00a0\u00a0\u00a0\u00a0\u00a0\u00a0\u00a0\u00a0\u00a0\u00a0\u00a0\u00a0\u00a0\u00a0\u00a0\u00a0<\/strong><\/p>\n<p style=\"text-align: left;\"><strong>\u00a0 \u00a0 \u00a0 \u00a0 \u00a0 \u00a0 \u00a0 \u00a0 \u00a0 \u00a0 \u00a0 \u00a0 \u00a0 \u00a0 \u00a0 \u00a0 \u00a0 \u00a0 \u00a0 \u00a0 \u00a0 \u00a0 \u00a0 \u00a0 \u00a0 \u00a0 \u00a0 \u00a0 \u00a0 \u00a0 \u00a0\u00a0<\/strong>Gutleutstra\u00dfe\u00a0175, 60327 Frankfurt<\/p>\n<p style=\"text-align: left;\">gesetzliche Berufsbezeichnung:\u00a0\u00a0\u00a0\u00a0\u00a0Steuerberater &#8222;Bundesrepublik Deutschland&#8220;<\/p>\n<p style=\"text-align: left;\">USt-ID:\u00a0 \u00a0 \u00a0 \u00a0 \u00a0 \u00a0 \u00a0 \u00a0 \u00a0 \u00a0 \u00a0 \u00a0 \u00a0 \u00a0 \u00a0 \u00a0 \u00a0 \u00a0 \u00a0 \u00a0 \u00a0 \u00a0 \u00a0 \u00a0 \u00a0DE 160 583 640<\/p>\n<p style=\"text-align: left;\">\u00a0berufsrechtliche Regelungen:\u00a0 \u00a0 \u00a0 \u00a0 \u00a0Steuerberatungsgesetz (StBerG)<\/p>\n<p style=\"text-align: left;\">\u00a0 \u00a0 \u00a0 \u00a0 \u00a0 \u00a0 \u00a0 \u00a0 \u00a0 \u00a0 \u00a0 \u00a0 \u00a0 \u00a0 \u00a0 \u00a0 \u00a0 \u00a0 \u00a0 \u00a0 \u00a0 \u00a0 \u00a0 \u00a0 \u00a0 \u00a0 \u00a0 \u00a0 \u00a0 \u00a0 \u00a0 Durchf\u00fchrungsverordnung zum Steuerberatungsgesetz (DVStB)<\/p>\n<p style=\"text-align: left;\">\u00a0 \u00a0 \u00a0 \u00a0 \u00a0 \u00a0 \u00a0 \u00a0 \u00a0 \u00a0 \u00a0 \u00a0 \u00a0 \u00a0 \u00a0 \u00a0 \u00a0 \u00a0 \u00a0 \u00a0 \u00a0 \u00a0 \u00a0 \u00a0 \u00a0 \u00a0 \u00a0 \u00a0 \u00a0 \u00a0 \u00a0 Berufsordnung (BOStB)<\/p>\n<p style=\"text-align: left;\">\u00a0 \u00a0 \u00a0 \u00a0 \u00a0 \u00a0 \u00a0 \u00a0 \u00a0 \u00a0 \u00a0 \u00a0 \u00a0 \u00a0 \u00a0 \u00a0 \u00a0 \u00a0 \u00a0 \u00a0 \u00a0 \u00a0 \u00a0 \u00a0 \u00a0 \u00a0 \u00a0 \u00a0 \u00a0 \u00a0 \u00a0 Steuerberaterverg\u00fctungsverordnung (StBVV)<\/p>\n<p style=\"text-align: left;\"><strong>\u00a0 \u00a0 \u00a0 \u00a0 \u00a0 \u00a0 \u00a0 \u00a0 \u00a0 \u00a0 \u00a0 \u00a0 \u00a0 \u00a0 \u00a0 \u00a0 \u00a0 \u00a0 \u00a0 \u00a0 \u00a0 \u00a0 \u00a0 \u00a0 \u00a0 \u00a0 \u00a0 \u00a0 \u00a0 \u00a0 \u00a0\u00a0<\/strong><a href=\"http:\/\/www.dstv.de\/fuer-die-praxis\/rechtsgrundlagen-im-beruf\">Zugang zu den Vorschriften \u00fcber den Berufsverband<\/a><\/p>\n<p style=\"text-align: left;\">Es besteht eine Berufshaftpflichtversicherung bei der ERGO Versicherung, Hahnstra\u00dfe 68-70, 60528 Frankfurt\/Main<\/p>\n<p style=\"text-align: left;\">Der r\u00e4umliche Geltungsbereich der Versicherung umfasst Deutschland, das europ\u00e4ische Ausland, die T\u00fcrkei und die Staaten auf dem Gebiet der ehemaligen Sowjetunion einschlie\u00dflich Litauen, Lettland und Estland<\/p>\n<p style=\"text-align: left;\">\u201eInformation nach dem Verbraucherstreitbeilegungsgesetz:<br \/>\nEs besteht keine Verpflichtung und keine Bereitschaft zur Teilnahme<br \/>\nan einem Streitbeilegungsverfahren vor einer Verbraucherschlichtungsstelle.\u201c<\/p>\n<div class=\"csc-header csc-header-n1\"><\/div>\n<p class=\"bodytext\">\n","protected":false},"excerpt":{"rendered":"<p>ALLGEMEINE INFORMATIONSPFLICHTEN NACH \u00a7 5 TELEMEDIENGESETZ Name und Anschrift:\u00a0 \u00a0 \u00a0 \u00a0 \u00a0 \u00a0 \u00a0 \u00a0 \u00a0 \u00a0 \u00a0 \u00a0 Rainer Wolff, Gartenstra\u00dfe 53, 61130 Nidderau \u00a9 Rechtsform:\u00a0 \u00a0 \u00a0 \u00a0 \u00a0 \u00a0 \u00a0 \u00a0 \u00a0 \u00a0 \u00a0 \u00a0 \u00a0 \u00a0 \u00a0 \u00a0 \u00a0 \u00a0 \u00a0 \u00a0Einzelunternehmen Telefon:\u00a0 \u00a0 \u00a0 \u00a0 \u00a0 \u00a0 \u00a0 \u00a0 &hellip; <a href=\"https:\/\/wolff-stb.de\/?page_id=20\" class=\"more-link\"><span class=\"screen-reader-text\">&#8222;Impressum&#8220; <\/span>weiterlesen<\/a><\/p>\n","protected":false},"author":1,"featured_media":0,"parent":0,"menu_order":0,"comment_status":"closed","ping_status":"closed","template":"","meta":{"footnotes":""},"class_list":["post-20","page","type-page","status-publish","hentry"],"_links":{"self":[{"href":"https:\/\/wolff-stb.de\/index.php?rest_route=\/wp\/v2\/pages\/20","targetHints":{"allow":["GET"]}}],"collection":[{"href":"https:\/\/wolff-stb.de\/index.php?rest_route=\/wp\/v2\/pages"}],"about":[{"href":"https:\/\/wolff-stb.de\/index.php?rest_route=\/wp\/v2\/types\/page"}],"author":[{"embeddable":true,"href":"https:\/\/wolff-stb.de\/index.php?rest_route=\/wp\/v2\/users\/1"}],"replies":[{"embeddable":true,"href":"https:\/\/wolff-stb.de\/index.php?rest_route=%2Fwp%2Fv2%2Fcomments&post=20"}],"version-history":[{"count":10,"href":"https:\/\/wolff-stb.de\/index.php?rest_route=\/wp\/v2\/pages\/20\/revisions"}],"predecessor-version":[{"id":159,"href":"https:\/\/wolff-stb.de\/index.php?rest_route=\/wp\/v2\/pages\/20\/revisions\/159"}],"wp:attachment":[{"href":"https:\/\/wolff-stb.de\/index.php?rest_route=%2Fwp%2Fv2%2Fmedia&parent=20"}],"curies":[{"name":"wp","href":"https:\/\/api.w.org\/{rel}","templated":true}]}}